{"id":528,"date":"2023-07-04T13:28:27","date_gmt":"2023-07-04T11:28:27","guid":{"rendered":"https:\/\/kidtopia.fr\/?page_id=528"},"modified":"2026-01-29T16:45:30","modified_gmt":"2026-01-29T15:45:30","slug":"ecole-maternelle","status":"publish","type":"page","link":"https:\/\/kidtopia.fr\/en\/inscription-en-ligne\/ecole-maternelle\/","title":{"rendered":"Ecole maternelle"},"content":{"rendered":"<div data-elementor-type=\"wp-page\" data-elementor-id=\"528\" class=\"elementor elementor-528\">\n\t\t\t\t<div class=\"elementor-element elementor-element-46d295a e-flex e-con-boxed e-con e-parent\" data-id=\"46d295a\" data-element_type=\"container\" data-e-type=\"container\">\n\t\t\t\t\t<div class=\"e-con-inner\">\n\t\t<div class=\"elementor-element elementor-element-5f7edc7 e-con-full e-flex e-con e-child\" data-id=\"5f7edc7\" data-element_type=\"container\" data-e-type=\"container\" data-settings=\"{&quot;background_background&quot;:&quot;classic&quot;}\">\n\t\t\t\t<div class=\"elementor-element elementor-element-28c851c elementor-widget elementor-widget-text-editor\" data-id=\"28c851c\" data-element_type=\"widget\" data-e-type=\"widget\" data-widget_type=\"text-editor.default\">\n\t\t\t\t<div class=\"elementor-widget-container\">\n\t\t\t\t\t\t\t\t\t<p>If you would like to check your eligibility and receive a quote, please complete the pre-registration form:\u00a0\u00a0<\/p>\t\t\t\t\t\t\t\t<\/div>\n\t\t\t\t<\/div>\n\t\t\t\t<div class=\"elementor-element elementor-element-1c30fe2 elementor-align-center elementor-widget elementor-widget-button\" data-id=\"1c30fe2\" data-element_type=\"widget\" data-e-type=\"widget\" data-widget_type=\"button.default\">\n\t\t\t\t<div class=\"elementor-widget-container\">\n\t\t\t\t\t\t\t\t\t<div class=\"elementor-button-wrapper\">\n\t\t\t\t\t<a class=\"elementor-button elementor-button-link elementor-size-sm\" href=\"https:\/\/kidtopia.fr\/en\/inscription\/ecole-maternelle\/formulaire-de-preinscription\/\">\n\t\t\t\t\t\t<span class=\"elementor-button-content-wrapper\">\n\t\t\t\t\t\t<span class=\"elementor-button-icon\">\n\t\t\t\t<i aria-hidden=\"true\" class=\"fas fa-arrow-right\"><\/i>\t\t\t<\/span>\n\t\t\t\t\t\t\t\t\t<span class=\"elementor-button-text\">Pre-registration form<\/span>\n\t\t\t\t\t<\/span>\n\t\t\t\t\t<\/a>\n\t\t\t\t<\/div>\n\t\t\t\t\t\t\t\t<\/div>\n\t\t\t\t<\/div>\n\t\t\t\t<\/div>\n\t\t<div class=\"elementor-element elementor-element-29d23e6 e-con-full e-flex e-con e-child\" data-id=\"29d23e6\" data-element_type=\"container\" data-e-type=\"container\">\n\t\t\t\t<div class=\"elementor-element elementor-element-6941580 elementor-widget elementor-widget-text-editor\" data-id=\"6941580\" data-element_type=\"widget\" data-e-type=\"widget\" data-widget_type=\"text-editor.default\">\n\t\t\t\t<div class=\"elementor-widget-container\">\n\t\t\t\t\t\t\t\t\t<p>Si vous \u00eates \u00e9ligible et que vous validez le devis re\u00e7u par l&rsquo;\u00e9cole maternelle Kidtopia, merci de remplir le formulaire d&rsquo;inscription :&nbsp;&nbsp;<\/p>\t\t\t\t\t\t\t\t<\/div>\n\t\t\t\t<\/div>\n\t\t\t\t<div class=\"elementor-element elementor-element-7d08919 elementor-align-center elementor-widget elementor-widget-button\" data-id=\"7d08919\" data-element_type=\"widget\" data-e-type=\"widget\" data-widget_type=\"button.default\">\n\t\t\t\t<div class=\"elementor-widget-container\">\n\t\t\t\t\t\t\t\t\t<div class=\"elementor-button-wrapper\">\n\t\t\t\t\t<a class=\"elementor-button elementor-button-link elementor-size-sm\" href=\"https:\/\/kidtopia.fr\/en\/inscription\/ecole-maternelle\/formulaire-dinscription\/\">\n\t\t\t\t\t\t<span class=\"elementor-button-content-wrapper\">\n\t\t\t\t\t\t<span class=\"elementor-button-icon\">\n\t\t\t\t<i aria-hidden=\"true\" class=\"fas fa-arrow-right\"><\/i>\t\t\t<\/span>\n\t\t\t\t\t\t\t\t\t<span class=\"elementor-button-text\">Registration form<\/span>\n\t\t\t\t\t<\/span>\n\t\t\t\t\t<\/a>\n\t\t\t\t<\/div>\n\t\t\t\t\t\t\t\t<\/div>\n\t\t\t\t<\/div>\n\t\t\t\t<\/div>\n\t\t\t\t\t<\/div>\n\t\t\t\t<\/div>\n\t\t<div class=\"elementor-element elementor-element-8c700c0 e-flex e-con-boxed e-con e-parent\" data-id=\"8c700c0\" data-element_type=\"container\" data-e-type=\"container\">\n\t\t\t\t\t<div class=\"e-con-inner\">\n\t\t\t\t<div class=\"elementor-element elementor-element-a8f5c75 elementor-widget elementor-widget-text-editor\" data-id=\"a8f5c75\" data-element_type=\"widget\" data-e-type=\"widget\" data-widget_type=\"text-editor.default\">\n\t\t\t\t<div class=\"elementor-widget-container\">\n\t\t\t\t\t\t\t\t\t<p>Lorem ipsum dolor sit amet, consectetur adipiscing elit. Ut elit tellus, luctus nec ullamcorper mattis, pulvinar dapibus leo.<\/p>\t\t\t\t\t\t\t\t<\/div>\n\t\t\t\t<\/div>\n\t\t\t\t\t<\/div>\n\t\t\t\t<\/div>\n\t\t\t\t<\/div>","protected":false},"excerpt":{"rendered":"<p>Si vous souhaitez v\u00e9rifier votre \u00e9ligibilit\u00e9 et recevoir un devis, merci de remplir le formulaire de pr\u00e9inscription :\u00a0\u00a0 Formulaire de pr\u00e9inscription Si vous \u00eates \u00e9ligible et que vous validez le devis re\u00e7u par l&rsquo;\u00e9cole maternelle Kidtopia, merci de remplir le formulaire d&rsquo;inscription :&nbsp;&nbsp; Formulaire d&rsquo;inscription Lorem ipsum dolor sit amet, consectetur adipiscing elit. Ut elit [&hellip;]<\/p>\n","protected":false},"author":5,"featured_media":0,"parent":37,"menu_order":0,"comment_status":"closed","ping_status":"closed","template":"","meta":{"site-sidebar-layout":"no-sidebar","site-content-layout":"page-builder","ast-site-content-layout":"full-width-container","site-content-style":"unboxed","site-sidebar-style":"unboxed","ast-global-header-display":"","ast-banner-title-visibility":"","ast-main-header-display":"","ast-hfb-above-header-display":"","ast-hfb-below-header-display":"","ast-hfb-mobile-header-display":"","site-post-title":"disabled","ast-breadcrumbs-content":"","ast-featured-img":"disabled","footer-sml-layout":"","ast-disable-related-posts":"","theme-transparent-header-meta":"","adv-header-id-meta":"","stick-header-meta":"","header-above-stick-meta":"","header-main-stick-meta":"","header-below-stick-meta":"","astra-migrate-meta-layouts":"set","ast-page-background-enabled":"default","ast-page-background-meta":{"desktop":{"background-color":"var(--ast-global-color-4)","background-image":"","background-repeat":"repeat","background-position":"center center","background-size":"auto","background-attachment":"scroll","background-type":"","background-media":"","overlay-type":"","overlay-color":"","overlay-opacity":"","overlay-gradient":""},"tablet":{"background-color":"","background-image":"","background-repeat":"repeat","background-position":"center center","background-size":"auto","background-attachment":"scroll","background-type":"","background-media":"","overlay-type":"","overlay-color":"","overlay-opacity":"","overlay-gradient":""},"mobile":{"background-color":"","background-image":"","background-repeat":"repeat","background-position":"center center","background-size":"auto","background-attachment":"scroll","background-type":"","background-media":"","overlay-type":"","overlay-color":"","overlay-opacity":"","overlay-gradient":""}},"ast-content-background-meta":{"desktop":{"background-color":"var(--ast-global-color-5)","background-image":"","background-repeat":"repeat","background-position":"center center","background-size":"auto","background-attachment":"scroll","background-type":"","background-media":"","overlay-type":"","overlay-color":"","overlay-opacity":"","overlay-gradient":""},"tablet":{"background-color":"var(--ast-global-color-5)","background-image":"","background-repeat":"repeat","background-position":"center center","background-size":"auto","background-attachment":"scroll","background-type":"","background-media":"","overlay-type":"","overlay-color":"","overlay-opacity":"","overlay-gradient":""},"mobile":{"background-color":"var(--ast-global-color-5)","background-image":"","background-repeat":"repeat","background-position":"center center","background-size":"auto","background-attachment":"scroll","background-type":"","background-media":"","overlay-type":"","overlay-color":"","overlay-opacity":"","overlay-gradient":""}},"footnotes":""},"class_list":["post-528","page","type-page","status-publish","hentry"],"yoast_head":"<!-- This site is optimized with the Yoast SEO plugin v27.3 - https:\/\/yoast.com\/product\/yoast-seo-wordpress\/ -->\n<title>Ecole maternelle - Kidtopia<\/title>\n<meta name=\"description\" content=\"L&#039;\u00e9cole maternelle Kidtopia est une \u00e9cole multilingue ouverte \u00e0 tous les enfants de 2 ans et demi \u00e0 6 ans.\" \/>\n<meta name=\"robots\" content=\"index, follow, max-snippet:-1, max-image-preview:large, max-video-preview:-1\" \/>\n<link rel=\"canonical\" href=\"https:\/\/kidtopia.fr\/en\/inscription-en-ligne\/ecole-maternelle\/\" \/>\n<meta property=\"og:locale\" content=\"en_GB\" \/>\n<meta property=\"og:type\" content=\"article\" \/>\n<meta property=\"og:title\" content=\"Ecole maternelle - Kidtopia\" \/>\n<meta property=\"og:description\" content=\"L&#039;\u00e9cole maternelle Kidtopia est une \u00e9cole multilingue ouverte \u00e0 tous les enfants de 2 ans et demi \u00e0 6 ans.\" \/>\n<meta property=\"og:url\" content=\"https:\/\/kidtopia.fr\/en\/inscription-en-ligne\/ecole-maternelle\/\" \/>\n<meta property=\"og:site_name\" content=\"Kidtopia\" \/>\n<meta property=\"article:modified_time\" content=\"2026-01-29T15:45:30+00:00\" \/>\n<meta name=\"twitter:card\" content=\"summary_large_image\" \/>\n<meta name=\"twitter:label1\" content=\"Estimated reading time\" \/>\n\t<meta name=\"twitter:data1\" content=\"1 minute\" \/>\n<script type=\"application\/ld+json\" class=\"yoast-schema-graph\">{\"@context\":\"https:\\\/\\\/schema.org\",\"@graph\":[{\"@type\":\"WebPage\",\"@id\":\"https:\\\/\\\/kidtopia.fr\\\/inscription-en-ligne\\\/ecole-maternelle\\\/\",\"url\":\"https:\\\/\\\/kidtopia.fr\\\/inscription-en-ligne\\\/ecole-maternelle\\\/\",\"name\":\"Ecole maternelle - Kidtopia\",\"isPartOf\":{\"@id\":\"https:\\\/\\\/kidtopia.fr\\\/#website\"},\"datePublished\":\"2023-07-04T11:28:27+00:00\",\"dateModified\":\"2026-01-29T15:45:30+00:00\",\"description\":\"L'\u00e9cole maternelle Kidtopia est une \u00e9cole multilingue ouverte \u00e0 tous les enfants de 2 ans et demi \u00e0 6 ans.\",\"breadcrumb\":{\"@id\":\"https:\\\/\\\/kidtopia.fr\\\/inscription-en-ligne\\\/ecole-maternelle\\\/#breadcrumb\"},\"inLanguage\":\"en-GB\",\"potentialAction\":[{\"@type\":\"ReadAction\",\"target\":[\"https:\\\/\\\/kidtopia.fr\\\/inscription-en-ligne\\\/ecole-maternelle\\\/\"]}]},{\"@type\":\"BreadcrumbList\",\"@id\":\"https:\\\/\\\/kidtopia.fr\\\/inscription-en-ligne\\\/ecole-maternelle\\\/#breadcrumb\",\"itemListElement\":[{\"@type\":\"ListItem\",\"position\":1,\"name\":\"Accueil\",\"item\":\"https:\\\/\\\/kidtopia.fr\\\/\"},{\"@type\":\"ListItem\",\"position\":2,\"name\":\"Inscription\",\"item\":\"https:\\\/\\\/kidtopia.fr\\\/inscription-en-ligne\\\/\"},{\"@type\":\"ListItem\",\"position\":3,\"name\":\"Ecole maternelle\"}]},{\"@type\":\"WebSite\",\"@id\":\"https:\\\/\\\/kidtopia.fr\\\/#website\",\"url\":\"https:\\\/\\\/kidtopia.fr\\\/\",\"name\":\"Kidtopia\",\"description\":\"\",\"publisher\":{\"@id\":\"https:\\\/\\\/kidtopia.fr\\\/#organization\"},\"potentialAction\":[{\"@type\":\"SearchAction\",\"target\":{\"@type\":\"EntryPoint\",\"urlTemplate\":\"https:\\\/\\\/kidtopia.fr\\\/?s={search_term_string}\"},\"query-input\":{\"@type\":\"PropertyValueSpecification\",\"valueRequired\":true,\"valueName\":\"search_term_string\"}}],\"inLanguage\":\"en-GB\"},{\"@type\":\"Organization\",\"@id\":\"https:\\\/\\\/kidtopia.fr\\\/#organization\",\"name\":\"Kidtopia\",\"url\":\"https:\\\/\\\/kidtopia.fr\\\/\",\"logo\":{\"@type\":\"ImageObject\",\"inLanguage\":\"en-GB\",\"@id\":\"https:\\\/\\\/kidtopia.fr\\\/#\\\/schema\\\/logo\\\/image\\\/\",\"url\":\"https:\\\/\\\/kidtopia.fr\\\/wp-content\\\/uploads\\\/2023\\\/07\\\/logo-kidtopia-long-1.png\",\"contentUrl\":\"https:\\\/\\\/kidtopia.fr\\\/wp-content\\\/uploads\\\/2023\\\/07\\\/logo-kidtopia-long-1.png\",\"width\":1027,\"height\":400,\"caption\":\"Kidtopia\"},\"image\":{\"@id\":\"https:\\\/\\\/kidtopia.fr\\\/#\\\/schema\\\/logo\\\/image\\\/\"}}]}<\/script>\n<!-- \/ Yoast SEO plugin. -->","yoast_head_json":{"title":"Ecole maternelle - Kidtopia","description":"L'\u00e9cole maternelle Kidtopia est une \u00e9cole multilingue ouverte \u00e0 tous les enfants de 2 ans et demi \u00e0 6 ans.","robots":{"index":"index","follow":"follow","max-snippet":"max-snippet:-1","max-image-preview":"max-image-preview:large","max-video-preview":"max-video-preview:-1"},"canonical":"https:\/\/kidtopia.fr\/en\/inscription-en-ligne\/ecole-maternelle\/","og_locale":"en_GB","og_type":"article","og_title":"Ecole maternelle - Kidtopia","og_description":"L'\u00e9cole maternelle Kidtopia est une \u00e9cole multilingue ouverte \u00e0 tous les enfants de 2 ans et demi \u00e0 6 ans.","og_url":"https:\/\/kidtopia.fr\/en\/inscription-en-ligne\/ecole-maternelle\/","og_site_name":"Kidtopia","article_modified_time":"2026-01-29T15:45:30+00:00","twitter_card":"summary_large_image","twitter_misc":{"Estimated reading time":"1 minute"},"schema":{"@context":"https:\/\/schema.org","@graph":[{"@type":"WebPage","@id":"https:\/\/kidtopia.fr\/inscription-en-ligne\/ecole-maternelle\/","url":"https:\/\/kidtopia.fr\/inscription-en-ligne\/ecole-maternelle\/","name":"Ecole maternelle - Kidtopia","isPartOf":{"@id":"https:\/\/kidtopia.fr\/#website"},"datePublished":"2023-07-04T11:28:27+00:00","dateModified":"2026-01-29T15:45:30+00:00","description":"L'\u00e9cole maternelle Kidtopia est une \u00e9cole multilingue ouverte \u00e0 tous les enfants de 2 ans et demi \u00e0 6 ans.","breadcrumb":{"@id":"https:\/\/kidtopia.fr\/inscription-en-ligne\/ecole-maternelle\/#breadcrumb"},"inLanguage":"en-GB","potentialAction":[{"@type":"ReadAction","target":["https:\/\/kidtopia.fr\/inscription-en-ligne\/ecole-maternelle\/"]}]},{"@type":"BreadcrumbList","@id":"https:\/\/kidtopia.fr\/inscription-en-ligne\/ecole-maternelle\/#breadcrumb","itemListElement":[{"@type":"ListItem","position":1,"name":"Accueil","item":"https:\/\/kidtopia.fr\/"},{"@type":"ListItem","position":2,"name":"Inscription","item":"https:\/\/kidtopia.fr\/inscription-en-ligne\/"},{"@type":"ListItem","position":3,"name":"Ecole maternelle"}]},{"@type":"WebSite","@id":"https:\/\/kidtopia.fr\/#website","url":"https:\/\/kidtopia.fr\/","name":"Kidtopia","description":"","publisher":{"@id":"https:\/\/kidtopia.fr\/#organization"},"potentialAction":[{"@type":"SearchAction","target":{"@type":"EntryPoint","urlTemplate":"https:\/\/kidtopia.fr\/?s={search_term_string}"},"query-input":{"@type":"PropertyValueSpecification","valueRequired":true,"valueName":"search_term_string"}}],"inLanguage":"en-GB"},{"@type":"Organization","@id":"https:\/\/kidtopia.fr\/#organization","name":"Kidtopia","url":"https:\/\/kidtopia.fr\/","logo":{"@type":"ImageObject","inLanguage":"en-GB","@id":"https:\/\/kidtopia.fr\/#\/schema\/logo\/image\/","url":"https:\/\/kidtopia.fr\/wp-content\/uploads\/2023\/07\/logo-kidtopia-long-1.png","contentUrl":"https:\/\/kidtopia.fr\/wp-content\/uploads\/2023\/07\/logo-kidtopia-long-1.png","width":1027,"height":400,"caption":"Kidtopia"},"image":{"@id":"https:\/\/kidtopia.fr\/#\/schema\/logo\/image\/"}}]}},"_links":{"self":[{"href":"https:\/\/kidtopia.fr\/en\/wp-json\/wp\/v2\/pages\/528","targetHints":{"allow":["GET"]}}],"collection":[{"href":"https:\/\/kidtopia.fr\/en\/wp-json\/wp\/v2\/pages"}],"about":[{"href":"https:\/\/kidtopia.fr\/en\/wp-json\/wp\/v2\/types\/page"}],"author":[{"embeddable":true,"href":"https:\/\/kidtopia.fr\/en\/wp-json\/wp\/v2\/users\/5"}],"replies":[{"embeddable":true,"href":"https:\/\/kidtopia.fr\/en\/wp-json\/wp\/v2\/comments?post=528"}],"version-history":[{"count":26,"href":"https:\/\/kidtopia.fr\/en\/wp-json\/wp\/v2\/pages\/528\/revisions"}],"predecessor-version":[{"id":1763,"href":"https:\/\/kidtopia.fr\/en\/wp-json\/wp\/v2\/pages\/528\/revisions\/1763"}],"up":[{"embeddable":true,"href":"https:\/\/kidtopia.fr\/en\/wp-json\/wp\/v2\/pages\/37"}],"wp:attachment":[{"href":"https:\/\/kidtopia.fr\/en\/wp-json\/wp\/v2\/media?parent=528"}],"curies":[{"name":"wp","href":"https:\/\/api.w.org\/{rel}","templated":true}]}}